{"id":9,"date":"2019-06-11T18:59:54","date_gmt":"2019-06-11T18:59:54","guid":{"rendered":"https:\/\/strandgaardconsult.dk\/?page_id=9"},"modified":"2019-09-08T17:06:26","modified_gmt":"2019-09-08T17:06:26","slug":"projektledelse-ledelse","status":"publish","type":"page","link":"https:\/\/strandgaardconsult.dk\/en\/projektledelse-ledelse\/","title":{"rendered":"Projektledelse\/ ledelse"},"content":{"rendered":"<div data-elementor-type=\"wp-post\" data-elementor-id=\"9\" class=\"elementor elementor-9\">\n\t\t\t\t\t\t<div class=\"elementor-inner\">\n\t\t\t\t<div class=\"elementor-section-wrap\">\n\t\t\t\t\t\t\t\t\t<section class=\"has_eae_slider elementor-section elementor-top-section elementor-element elementor-element-4d8a8d9 elementor-section-full_width elementor-section-height-min-height elementor-section-height-default elementor-section-items-middle\" data-eae-slider=\"66679\" data-id=\"4d8a8d9\" data-element_type=\"section\" data-settings=\"{&quot;background_background&quot;:&quot;classic&quot;}\">\n\t\t\t\t\t\t\t<div class=\"elementor-background-overlay\"><\/div>\n\t\t\t\t\t\t\t<div class=\"elementor-container elementor-column-gap-default\">\n\t\t\t\t\t\t\t<div class=\"elementor-row\">\n\t\t\t\t\t<div class=\"has_eae_slider elementor-column elementor-col-100 elementor-top-column elementor-element elementor-element-9b7f623\" data-eae-slider=\"76482\" data-id=\"9b7f623\" data-element_type=\"column\" data-settings=\"{&quot;background_background&quot;:&quot;classic&quot;}\">\n\t\t\t<div class=\"elementor-column-wrap elementor-element-populated\">\n\t\t\t\t\t\t\t<div class=\"elementor-widget-wrap\">\n\t\t\t\t\t\t<div class=\"elementor-element elementor-element-0cdb7dc elementor-widget elementor-widget-heading\" data-id=\"0cdb7dc\" data-element_type=\"widget\" data-widget_type=\"heading.default\">\n\t\t\t\t<div class=\"elementor-widget-container\">\n\t\t\t<h2 class=\"elementor-heading-title elementor-size-default\">Leadership and project management<\/h2>\t\t<\/div>\n\t\t\t\t<\/div>\n\t\t\t\t\t\t<\/div>\n\t\t\t\t\t<\/div>\n\t\t<\/div>\n\t\t\t\t\t\t\t\t<\/div>\n\t\t\t\t\t<\/div>\n\t\t<\/section>\n\t\t\t\t<section class=\"has_eae_slider elementor-section elementor-top-section elementor-element elementor-element-2ea9955 elementor-section-height-min-height elementor-section-boxed elementor-section-height-default elementor-section-items-middle\" data-eae-slider=\"80989\" data-id=\"2ea9955\" data-element_type=\"section\" data-settings=\"{&quot;background_background&quot;:&quot;classic&quot;}\">\n\t\t\t\t\t\t\t<div class=\"elementor-background-overlay\"><\/div>\n\t\t\t\t\t\t\t<div class=\"elementor-container elementor-column-gap-extended\">\n\t\t\t\t\t\t\t<div class=\"elementor-row\">\n\t\t\t\t\t<div class=\"has_eae_slider elementor-column elementor-col-100 elementor-top-column elementor-element elementor-element-9cc589a\" data-eae-slider=\"55661\" data-id=\"9cc589a\" data-element_type=\"column\">\n\t\t\t<div class=\"elementor-column-wrap elementor-element-populated\">\n\t\t\t\t\t\t\t<div class=\"elementor-widget-wrap\">\n\t\t\t\t\t\t<div class=\"elementor-element elementor-element-c16729e elementor-widget elementor-widget-text-editor\" data-id=\"c16729e\" data-element_type=\"widget\" data-widget_type=\"text-editor.default\">\n\t\t\t\t<div class=\"elementor-widget-container\">\n\t\t\t\t\t\t\t\t<div class=\"elementor-text-editor elementor-clearfix\">\n\t\t\t\t<p class=\"p1\"><span class=\"s1\">Since 2001, I have led high-tech and complex areas of R&amp;D with responsibility for product development, project management and maintenance of the existing product portfolio. <\/span><\/p><p class=\"p1 translation-block\">I have managed areas with up to 350 employees in Denmark, Germany, Hungary, China, Finland and India. The financial allocation was approximately 400 million DKK to costs and investments and with 20-30 product launches per year. The unit in Hungary I built from scratch in 2007. Today there are over 100 employees at the location.<\/p><p class=\"p1\"><span class=\"s1\">I have experience with:<\/span><\/p><ul class=\"ul1\"><li class=\"li1\"><span class=\"s1\">-Project management both as project leader at KEW and Grundfos but also as head of a major project portfolio with direct report from project managers<\/span><\/li><li class=\"li1\"><span class=\"s1\">-Stage gate methods as well as agile methodologies and experience with how to optimally get these two to play together<\/span><\/li><li class=\"li1\"><span class=\"s1\">-Establishment and implementation of portfolio management systems, resource, time and economy overview to optimizing and streamlining project execution.<\/span><\/li><\/ul>\t\t\t\t\t<\/div>\n\t\t\t\t\t\t<\/div>\n\t\t\t\t<\/div>\n\t\t\t\t<div class=\"elementor-element elementor-element-e3965bf elementor-widget elementor-widget-heading\" data-id=\"e3965bf\" data-element_type=\"widget\" data-widget_type=\"heading.default\">\n\t\t\t\t<div class=\"elementor-widget-container\">\n\t\t\t<h2 class=\"elementor-heading-title elementor-size-default\"><br>StrandgaardConsult offers:<\/h2>\t\t<\/div>\n\t\t\t\t<\/div>\n\t\t\t\t<div class=\"elementor-element elementor-element-b85b5a6 elementor-widget elementor-widget-text-editor\" data-id=\"b85b5a6\" data-element_type=\"widget\" data-widget_type=\"text-editor.default\">\n\t\t\t\t<div class=\"elementor-widget-container\">\n\t\t\t\t\t\t\t\t<div class=\"elementor-text-editor elementor-clearfix\">\n\t\t\t\t<ul><li><strong><span class=\"s2\">-Interim management of technical organizations<\/span><\/strong><\/li><li><strong><span class=\"s2\">-Development of international organizations with a focus on effective execution across borders and culture<\/span><\/strong><\/li><li><strong><span class=\"s2\">-Project management of product development projects as well as development and implementation of the optimal project set-up of the company<\/span><\/strong><\/li><li><strong><span class=\"s2\">-Establishment of portfolio management to ensure the follow-up transparent and efficient decision support<\/span><\/strong><\/li><li><strong><span class=\"s2\">-Systematic cost reduction of existing product portfolio<\/span><\/strong><\/li><li><strong><span class=\"s2\">-Sparring partner for executives<\/span><\/strong><\/li><\/ul>\t\t\t\t\t<\/div>\n\t\t\t\t\t\t<\/div>\n\t\t\t\t<\/div>\n\t\t\t\t<div class=\"elementor-element elementor-element-cb42e57 elementor-widget elementor-widget-text-editor\" data-id=\"cb42e57\" data-element_type=\"widget\" data-widget_type=\"text-editor.default\">\n\t\t\t\t<div class=\"elementor-widget-container\">\n\t\t\t\t\t\t\t\t<div class=\"elementor-text-editor elementor-clearfix\">\n\t\t\t\t<p class=\"p1 translation-block\">Tools\/ models\u00a0I use: ISO9001, ISO15504, stage gate, scrum, PRINCE2, visual management (lean development), systems engineering, design to value, cost down, should cost analysis.<\/p>\t\t\t\t\t<\/div>\n\t\t\t\t\t\t<\/div>\n\t\t\t\t<\/div>\n\t\t\t\t\t\t<\/div>\n\t\t\t\t\t<\/div>\n\t\t<\/div>\n\t\t\t\t\t\t\t\t<\/div>\n\t\t\t\t\t<\/div>\n\t\t<\/section>\n\t\t\t\t\t\t\t\t\t<\/div>\n\t\t\t<\/div>\n\t\t\t\t\t<\/div>","protected":false},"excerpt":{"rendered":"<p>Projektledelse &#038; ledelse\u200b Siden 2001 har jeg ledet h\u00f8jteknologiske og komplekse omr\u00e5der inden for R&amp;D-omr\u00e5det med ansvar for produktudvikling, projektledelse samt vedligehold af den eksisterende produktportef\u00f8lje. Jeg har ledet omr\u00e5der med op til 350 medarbejdere fordelt i DK, Tyskland, Ungarn, Kina, Finland og Indien. Budgetrammen var\u00a0p\u00e5 ca. 400 mio. DKK til omkostninger og investeringer og &hellip;<\/p>\n<p class=\"read-more\"> <a class=\"\" href=\"https:\/\/strandgaardconsult.dk\/en\/projektledelse-ledelse\/\"> <span class=\"screen-reader-text\">Projektledelse\/ ledelse<\/span> Read More &raquo;<\/a><\/p>","protected":false},"author":2,"featured_media":0,"parent":0,"menu_order":0,"comment_status":"closed","ping_status":"closed","template":"","meta":{"footnotes":""},"yoast_head":"<!-- This site is optimized with the Yoast SEO plugin v20.12 - https:\/\/yoast.com\/wordpress\/plugins\/seo\/ -->\n<title>Projektledelse\/ ledelse | StrandgaardConsult<\/title>\n<meta name=\"description\" content=\"Projektledelse &amp; ledelse\u200b Siden 2001 har jeg ledet h\u00f8jteknologiske og komplekse omr\u00e5der inden for R&amp;D-omr\u00e5det med ansvar for produktudvikling,\" \/>\n<meta name=\"robots\" content=\"index, follow, max-snippet:-1, max-image-preview:large, max-video-preview:-1\" \/>\n<link rel=\"canonical\" href=\"https:\/\/strandgaardconsult.dk\/en\/projektledelse-ledelse\/\" \/>\n<meta property=\"og:locale\" content=\"en_GB\" \/>\n<meta property=\"og:type\" content=\"article\" \/>\n<meta property=\"og:title\" content=\"Projektledelse\/ ledelse | StrandgaardConsult\" \/>\n<meta property=\"og:description\" content=\"Projektledelse &amp; ledelse\u200b Siden 2001 har jeg ledet h\u00f8jteknologiske og komplekse omr\u00e5der inden for R&amp;D-omr\u00e5det med ansvar for produktudvikling,\" \/>\n<meta property=\"og:url\" content=\"https:\/\/strandgaardconsult.dk\/en\/projektledelse-ledelse\/\" \/>\n<meta property=\"og:site_name\" content=\"StrandgaardConsult\" \/>\n<meta property=\"article:modified_time\" content=\"2019-09-08T17:06:26+00:00\" \/>\n<meta name=\"twitter:card\" content=\"summary_large_image\" \/>\n<meta name=\"twitter:label1\" content=\"Estimated reading time\" \/>\n\t<meta name=\"twitter:data1\" content=\"1 minute\" \/>\n<script type=\"application\/ld+json\" class=\"yoast-schema-graph\">{\"@context\":\"https:\/\/schema.org\",\"@graph\":[{\"@type\":\"WebPage\",\"@id\":\"https:\/\/strandgaardconsult.dk\/projektledelse-ledelse\/\",\"url\":\"https:\/\/strandgaardconsult.dk\/projektledelse-ledelse\/\",\"name\":\"Projektledelse\/ ledelse | StrandgaardConsult\",\"isPartOf\":{\"@id\":\"https:\/\/strandgaardconsult.dk\/#website\"},\"datePublished\":\"2019-06-11T18:59:54+00:00\",\"dateModified\":\"2019-09-08T17:06:26+00:00\",\"description\":\"Projektledelse & ledelse\u200b Siden 2001 har jeg ledet h\u00f8jteknologiske og komplekse omr\u00e5der inden for R&amp;D-omr\u00e5det med ansvar for produktudvikling,\",\"breadcrumb\":{\"@id\":\"https:\/\/strandgaardconsult.dk\/projektledelse-ledelse\/#breadcrumb\"},\"inLanguage\":\"en-GB\",\"potentialAction\":[{\"@type\":\"ReadAction\",\"target\":[\"https:\/\/strandgaardconsult.dk\/projektledelse-ledelse\/\"]}]},{\"@type\":\"BreadcrumbList\",\"@id\":\"https:\/\/strandgaardconsult.dk\/projektledelse-ledelse\/#breadcrumb\",\"itemListElement\":[{\"@type\":\"ListItem\",\"position\":1,\"name\":\"Home\",\"item\":\"https:\/\/strandgaardconsult.dk\/\"},{\"@type\":\"ListItem\",\"position\":2,\"name\":\"Projektledelse\/ ledelse\"}]},{\"@type\":\"WebSite\",\"@id\":\"https:\/\/strandgaardconsult.dk\/#website\",\"url\":\"https:\/\/strandgaardconsult.dk\/\",\"name\":\"StrandgaardConsult\",\"description\":\"projektledelse orgnisationsudvikling assessment\",\"publisher\":{\"@id\":\"https:\/\/strandgaardconsult.dk\/#organization\"},\"potentialAction\":[{\"@type\":\"SearchAction\",\"target\":{\"@type\":\"EntryPoint\",\"urlTemplate\":\"https:\/\/strandgaardconsult.dk\/?s={search_term_string}\"},\"query-input\":\"required name=search_term_string\"}],\"inLanguage\":\"en-GB\"},{\"@type\":\"Organization\",\"@id\":\"https:\/\/strandgaardconsult.dk\/#organization\",\"name\":\"Strandgaard Consult\",\"url\":\"https:\/\/strandgaardconsult.dk\/\",\"logo\":{\"@type\":\"ImageObject\",\"inLanguage\":\"en-GB\",\"@id\":\"https:\/\/strandgaardconsult.dk\/#\/schema\/logo\/image\/\",\"url\":\"https:\/\/strandgaardconsult.dk\/wp-content\/uploads\/2021\/06\/cropped-Untitled-design-2.png\",\"contentUrl\":\"https:\/\/strandgaardconsult.dk\/wp-content\/uploads\/2021\/06\/cropped-Untitled-design-2.png\",\"width\":1130,\"height\":172,\"caption\":\"Strandgaard Consult\"},\"image\":{\"@id\":\"https:\/\/strandgaardconsult.dk\/#\/schema\/logo\/image\/\"},\"sameAs\":[\"https:\/\/www.linkedin.com\/in\/jan-strandgaard-22903ba\/\"]}]}<\/script>\n<!-- \/ Yoast SEO plugin. -->","yoast_head_json":{"title":"Projektledelse\/ ledelse | StrandgaardConsult","description":"Projektledelse & ledelse\u200b Siden 2001 har jeg ledet h\u00f8jteknologiske og komplekse omr\u00e5der inden for R&amp;D-omr\u00e5det med ansvar for produktudvikling,","robots":{"index":"index","follow":"follow","max-snippet":"max-snippet:-1","max-image-preview":"max-image-preview:large","max-video-preview":"max-video-preview:-1"},"canonical":"https:\/\/strandgaardconsult.dk\/en\/projektledelse-ledelse\/","og_locale":"en_GB","og_type":"article","og_title":"Projektledelse\/ ledelse | StrandgaardConsult","og_description":"Projektledelse & ledelse\u200b Siden 2001 har jeg ledet h\u00f8jteknologiske og komplekse omr\u00e5der inden for R&amp;D-omr\u00e5det med ansvar for produktudvikling,","og_url":"https:\/\/strandgaardconsult.dk\/en\/projektledelse-ledelse\/","og_site_name":"StrandgaardConsult","article_modified_time":"2019-09-08T17:06:26+00:00","twitter_card":"summary_large_image","twitter_misc":{"Estimated reading time":"1 minute"},"schema":{"@context":"https:\/\/schema.org","@graph":[{"@type":"WebPage","@id":"https:\/\/strandgaardconsult.dk\/projektledelse-ledelse\/","url":"https:\/\/strandgaardconsult.dk\/projektledelse-ledelse\/","name":"Projektledelse\/ ledelse | StrandgaardConsult","isPartOf":{"@id":"https:\/\/strandgaardconsult.dk\/#website"},"datePublished":"2019-06-11T18:59:54+00:00","dateModified":"2019-09-08T17:06:26+00:00","description":"Projektledelse & ledelse\u200b Siden 2001 har jeg ledet h\u00f8jteknologiske og komplekse omr\u00e5der inden for R&amp;D-omr\u00e5det med ansvar for produktudvikling,","breadcrumb":{"@id":"https:\/\/strandgaardconsult.dk\/projektledelse-ledelse\/#breadcrumb"},"inLanguage":"en-GB","potentialAction":[{"@type":"ReadAction","target":["https:\/\/strandgaardconsult.dk\/projektledelse-ledelse\/"]}]},{"@type":"BreadcrumbList","@id":"https:\/\/strandgaardconsult.dk\/projektledelse-ledelse\/#breadcrumb","itemListElement":[{"@type":"ListItem","position":1,"name":"Home","item":"https:\/\/strandgaardconsult.dk\/"},{"@type":"ListItem","position":2,"name":"Projektledelse\/ ledelse"}]},{"@type":"WebSite","@id":"https:\/\/strandgaardconsult.dk\/#website","url":"https:\/\/strandgaardconsult.dk\/","name":"StrandgaardConsult","description":"projektledelse orgnisationsudvikling assessment","publisher":{"@id":"https:\/\/strandgaardconsult.dk\/#organization"},"potentialAction":[{"@type":"SearchAction","target":{"@type":"EntryPoint","urlTemplate":"https:\/\/strandgaardconsult.dk\/?s={search_term_string}"},"query-input":"required name=search_term_string"}],"inLanguage":"en-GB"},{"@type":"Organization","@id":"https:\/\/strandgaardconsult.dk\/#organization","name":"Strandgaard Consult","url":"https:\/\/strandgaardconsult.dk\/","logo":{"@type":"ImageObject","inLanguage":"en-GB","@id":"https:\/\/strandgaardconsult.dk\/#\/schema\/logo\/image\/","url":"https:\/\/strandgaardconsult.dk\/wp-content\/uploads\/2021\/06\/cropped-Untitled-design-2.png","contentUrl":"https:\/\/strandgaardconsult.dk\/wp-content\/uploads\/2021\/06\/cropped-Untitled-design-2.png","width":1130,"height":172,"caption":"Strandgaard Consult"},"image":{"@id":"https:\/\/strandgaardconsult.dk\/#\/schema\/logo\/image\/"},"sameAs":["https:\/\/www.linkedin.com\/in\/jan-strandgaard-22903ba\/"]}]}},"_links":{"self":[{"href":"https:\/\/strandgaardconsult.dk\/en\/wp-json\/wp\/v2\/pages\/9"}],"collection":[{"href":"https:\/\/strandgaardconsult.dk\/en\/wp-json\/wp\/v2\/pages"}],"about":[{"href":"https:\/\/strandgaardconsult.dk\/en\/wp-json\/wp\/v2\/types\/page"}],"author":[{"embeddable":true,"href":"https:\/\/strandgaardconsult.dk\/en\/wp-json\/wp\/v2\/users\/2"}],"replies":[{"embeddable":true,"href":"https:\/\/strandgaardconsult.dk\/en\/wp-json\/wp\/v2\/comments?post=9"}],"version-history":[{"count":51,"href":"https:\/\/strandgaardconsult.dk\/en\/wp-json\/wp\/v2\/pages\/9\/revisions"}],"predecessor-version":[{"id":603,"href":"https:\/\/strandgaardconsult.dk\/en\/wp-json\/wp\/v2\/pages\/9\/revisions\/603"}],"wp:attachment":[{"href":"https:\/\/strandgaardconsult.dk\/en\/wp-json\/wp\/v2\/media?parent=9"}],"curies":[{"name":"wp","href":"https:\/\/api.w.org\/{rel}","templated":true}]}}