{"id":97,"date":"2019-06-12T06:59:06","date_gmt":"2019-06-12T06:59:06","guid":{"rendered":"https:\/\/strandgaardconsult.dk\/?page_id=97"},"modified":"2021-06-04T12:23:42","modified_gmt":"2021-06-04T12:23:42","slug":"kontakt","status":"publish","type":"page","link":"https:\/\/strandgaardconsult.dk\/en\/kontakt\/","title":{"rendered":"Kontakt"},"content":{"rendered":"<div data-elementor-type=\"wp-post\" data-elementor-id=\"97\" class=\"elementor elementor-97\">\n\t\t\t\t\t\t<div class=\"elementor-inner\">\n\t\t\t\t<div class=\"elementor-section-wrap\">\n\t\t\t\t\t\t\t\t\t<section class=\"has_eae_slider elementor-section elementor-top-section elementor-element elementor-element-60399ddd elementor-section-height-min-height elementor-section-boxed elementor-section-height-default elementor-section-items-middle\" data-eae-slider=\"42497\" data-id=\"60399ddd\" data-element_type=\"section\" data-settings=\"{&quot;background_background&quot;:&quot;classic&quot;}\">\n\t\t\t\t\t\t\t<div class=\"elementor-background-overlay\"><\/div>\n\t\t\t\t\t\t\t<div class=\"elementor-container elementor-column-gap-default\">\n\t\t\t\t\t\t\t<div class=\"elementor-row\">\n\t\t\t\t\t<div class=\"has_eae_slider elementor-column elementor-col-100 elementor-top-column elementor-element elementor-element-67898c90\" data-eae-slider=\"54227\" data-id=\"67898c90\" data-element_type=\"column\">\n\t\t\t<div class=\"elementor-column-wrap elementor-element-populated\">\n\t\t\t\t\t\t\t<div class=\"elementor-widget-wrap\">\n\t\t\t\t\t\t<div class=\"elementor-element elementor-element-576b486b elementor-widget elementor-widget-heading\" data-id=\"576b486b\" data-element_type=\"widget\" data-widget_type=\"heading.default\">\n\t\t\t\t<div class=\"elementor-widget-container\">\n\t\t\t<h2 class=\"elementor-heading-title elementor-size-large\">CONTACT ME<\/h2>\t\t<\/div>\n\t\t\t\t<\/div>\n\t\t\t\t<div class=\"elementor-element elementor-element-4871d3e8 elementor-widget-divider--view-line elementor-widget elementor-widget-divider\" data-id=\"4871d3e8\" data-element_type=\"widget\" data-widget_type=\"divider.default\">\n\t\t\t\t<div class=\"elementor-widget-container\">\n\t\t\t\t\t<div class=\"elementor-divider\">\n\t\t\t<span class=\"elementor-divider-separator\">\n\t\t\t\t\t\t<\/span>\n\t\t<\/div>\n\t\t\t\t<\/div>\n\t\t\t\t<\/div>\n\t\t\t\t<div class=\"elementor-element elementor-element-3d25f78a elementor-widget elementor-widget-text-editor\" data-id=\"3d25f78a\" data-element_type=\"widget\" data-widget_type=\"text-editor.default\">\n\t\t\t\t<div class=\"elementor-widget-container\">\n\t\t\t\t\t\t\t\t<div class=\"elementor-text-editor elementor-clearfix\">\n\t\t\t\t<p>Need an expert? You are more than welcome to put your contact information and I will return<\/p>\t\t\t\t\t<\/div>\n\t\t\t\t\t\t<\/div>\n\t\t\t\t<\/div>\n\t\t\t\t\t\t<\/div>\n\t\t\t\t\t<\/div>\n\t\t<\/div>\n\t\t\t\t\t\t\t\t<\/div>\n\t\t\t\t\t<\/div>\n\t\t<\/section>\n\t\t\t\t<section class=\"has_eae_slider elementor-section elementor-top-section elementor-element elementor-element-247caf30 elementor-section-boxed elementor-section-height-default elementor-section-height-default\" data-eae-slider=\"62449\" data-id=\"247caf30\" data-element_type=\"section\" data-settings=\"{&quot;background_background&quot;:&quot;classic&quot;}\">\n\t\t\t\t\t\t<div class=\"elementor-container elementor-column-gap-default\">\n\t\t\t\t\t\t\t<div class=\"elementor-row\">\n\t\t\t\t\t<div class=\"has_eae_slider elementor-column elementor-col-33 elementor-top-column elementor-element elementor-element-32c59d95\" data-eae-slider=\"21803\" data-id=\"32c59d95\" data-element_type=\"column\">\n\t\t\t<div class=\"elementor-column-wrap elementor-element-populated\">\n\t\t\t\t\t\t\t<div class=\"elementor-widget-wrap\">\n\t\t\t\t\t\t<div class=\"elementor-element elementor-element-cfd8484 elementor-view-default elementor-mobile-position-top elementor-vertical-align-top elementor-widget elementor-widget-icon-box\" data-id=\"cfd8484\" data-element_type=\"widget\" data-widget_type=\"icon-box.default\">\n\t\t\t\t<div class=\"elementor-widget-container\">\n\t\t\t\t\t<div class=\"elementor-icon-box-wrapper\">\n\t\t\t\t\t\t<div class=\"elementor-icon-box-icon\">\n\t\t\t\t<span class=\"elementor-icon elementor-animation-\" >\n\t\t\t\t<i class=\"fa fa-home\" aria-hidden=\"true\"><\/i>\t\t\t\t<\/span>\n\t\t\t<\/div>\n\t\t\t\t\t\t<div class=\"elementor-icon-box-content\">\n\t\t\t\t<h3 class=\"elementor-icon-box-title\">\n\t\t\t\t\t<span  >\n\t\t\t\t\t\tVISIT \t\t\t\t\t<\/span>\n\t\t\t\t<\/h3>\n\t\t\t\t\t\t\t\t\t<p class=\"elementor-icon-box-description\">\n\t\t\t\t\t\t\n\t\t\t\t\t<\/p>\n\t\t\t\t\t\t\t<\/div>\n\t\t<\/div>\n\t\t\t\t<\/div>\n\t\t\t\t<\/div>\n\t\t\t\t<div class=\"elementor-element elementor-element-566fa1f3 elementor-widget elementor-widget-heading\" data-id=\"566fa1f3\" data-element_type=\"widget\" data-widget_type=\"heading.default\">\n\t\t\t\t<div class=\"elementor-widget-container\">\n\t\t\t<p class=\"elementor-heading-title elementor-size-large\"><a href=\"https:\/\/goo.gl\/maps\/JcWXK9g1tcLmPfoV8\">P. Knudsens Vej 3<\/a><\/p>\t\t<\/div>\n\t\t\t\t<\/div>\n\t\t\t\t<div class=\"elementor-element elementor-element-9d4fc48 elementor-widget elementor-widget-heading\" data-id=\"9d4fc48\" data-element_type=\"widget\" data-widget_type=\"heading.default\">\n\t\t\t\t<div class=\"elementor-widget-container\">\n\t\t\t<p class=\"elementor-heading-title elementor-size-large\"><a href=\"https:\/\/goo.gl\/maps\/JcWXK9g1tcLmPfoV8\">8930 Randers N\u00d8<\/a><\/p>\t\t<\/div>\n\t\t\t\t<\/div>\n\t\t\t\t\t\t<\/div>\n\t\t\t\t\t<\/div>\n\t\t<\/div>\n\t\t\t\t<div class=\"has_eae_slider elementor-column elementor-col-33 elementor-top-column elementor-element elementor-element-26ee2fba\" data-eae-slider=\"23565\" data-id=\"26ee2fba\" data-element_type=\"column\">\n\t\t\t<div class=\"elementor-column-wrap elementor-element-populated\">\n\t\t\t\t\t\t\t<div class=\"elementor-widget-wrap\">\n\t\t\t\t\t\t<div class=\"elementor-element elementor-element-516e441b elementor-view-default elementor-mobile-position-top elementor-vertical-align-top elementor-widget elementor-widget-icon-box\" data-id=\"516e441b\" data-element_type=\"widget\" data-widget_type=\"icon-box.default\">\n\t\t\t\t<div class=\"elementor-widget-container\">\n\t\t\t\t\t<div class=\"elementor-icon-box-wrapper\">\n\t\t\t\t\t\t<div class=\"elementor-icon-box-icon\">\n\t\t\t\t<span class=\"elementor-icon elementor-animation-\" >\n\t\t\t\t<i class=\"fa fa-phone\" aria-hidden=\"true\"><\/i>\t\t\t\t<\/span>\n\t\t\t<\/div>\n\t\t\t\t\t\t<div class=\"elementor-icon-box-content\">\n\t\t\t\t<h3 class=\"elementor-icon-box-title\">\n\t\t\t\t\t<span  >\n\t\t\t\t\t\tTELEPHONE\t\t\t\t\t<\/span>\n\t\t\t\t<\/h3>\n\t\t\t\t\t\t\t\t\t<p class=\"elementor-icon-box-description\">\n\t\t\t\t\t\t\n\t\t\t\t\t<\/p>\n\t\t\t\t\t\t\t<\/div>\n\t\t<\/div>\n\t\t\t\t<\/div>\n\t\t\t\t<\/div>\n\t\t\t\t<div class=\"elementor-element elementor-element-192baa28 elementor-widget elementor-widget-heading\" data-id=\"192baa28\" data-element_type=\"widget\" data-widget_type=\"heading.default\">\n\t\t\t\t<div class=\"elementor-widget-container\">\n\t\t\t<p class=\"elementor-heading-title elementor-size-large\"><a href=\"tel:004560570190\">+45 60 57 01 90<\/a><\/p>\t\t<\/div>\n\t\t\t\t<\/div>\n\t\t\t\t\t\t<\/div>\n\t\t\t\t\t<\/div>\n\t\t<\/div>\n\t\t\t\t<div class=\"has_eae_slider elementor-column elementor-col-33 elementor-top-column elementor-element elementor-element-1b8ec3b1\" data-eae-slider=\"10809\" data-id=\"1b8ec3b1\" data-element_type=\"column\">\n\t\t\t<div class=\"elementor-column-wrap elementor-element-populated\">\n\t\t\t\t\t\t\t<div class=\"elementor-widget-wrap\">\n\t\t\t\t\t\t<div class=\"elementor-element elementor-element-1e80219c elementor-view-default elementor-mobile-position-top elementor-vertical-align-top elementor-widget elementor-widget-icon-box\" data-id=\"1e80219c\" data-element_type=\"widget\" data-widget_type=\"icon-box.default\">\n\t\t\t\t<div class=\"elementor-widget-container\">\n\t\t\t\t\t<div class=\"elementor-icon-box-wrapper\">\n\t\t\t\t\t\t<div class=\"elementor-icon-box-icon\">\n\t\t\t\t<a class=\"elementor-icon elementor-animation-\" href=\"http:\/\/janstrandgaard@gmail.com\">\n\t\t\t\t<i class=\"fa fa-envelope-o\" aria-hidden=\"true\"><\/i>\t\t\t\t<\/a>\n\t\t\t<\/div>\n\t\t\t\t\t\t<div class=\"elementor-icon-box-content\">\n\t\t\t\t<h3 class=\"elementor-icon-box-title\">\n\t\t\t\t\t<a href=\"http:\/\/janstrandgaard@gmail.com\" >\n\t\t\t\t\t\tmail\t\t\t\t\t<\/a>\n\t\t\t\t<\/h3>\n\t\t\t\t\t\t\t\t\t<p class=\"elementor-icon-box-description\">\n\t\t\t\t\t\t\n\t\t\t\t\t<\/p>\n\t\t\t\t\t\t\t<\/div>\n\t\t<\/div>\n\t\t\t\t<\/div>\n\t\t\t\t<\/div>\n\t\t\t\t<div class=\"elementor-element elementor-element-50386913 elementor-widget elementor-widget-heading\" data-id=\"50386913\" data-element_type=\"widget\" data-widget_type=\"heading.default\">\n\t\t\t\t<div class=\"elementor-widget-container\">\n\t\t\t<p class=\"elementor-heading-title elementor-size-large\"><a href=\"mailto:jan@strandgaardconsult.dk\">jan@strandgaardconsult.dk<\/a><\/p>\t\t<\/div>\n\t\t\t\t<\/div>\n\t\t\t\t\t\t<\/div>\n\t\t\t\t\t<\/div>\n\t\t<\/div>\n\t\t\t\t\t\t\t\t<\/div>\n\t\t\t\t\t<\/div>\n\t\t<\/section>\n\t\t\t\t\t\t\t\t\t<\/div>\n\t\t\t<\/div>\n\t\t\t\t\t<\/div>","protected":false},"excerpt":{"rendered":"<p>kontakt mig Brug for en ekspert? Du er mere end velkommen til at l\u00e6gge dine kontaktoplysninger, og jeg vil vende tilbage Bes\u00f8g P. Knudsens Vej 3 8930 Randers N\u00d8 telefon +45 60 57 01 90 mail jan@strandgaardconsult.dk<\/p>","protected":false},"author":2,"featured_media":0,"parent":0,"menu_order":0,"comment_status":"closed","ping_status":"closed","template":"","meta":{"footnotes":""},"yoast_head":"<!-- This site is optimized with the Yoast SEO plugin v20.12 - https:\/\/yoast.com\/wordpress\/plugins\/seo\/ -->\n<title>Kontakt | StrandgaardConsult<\/title>\n<meta name=\"description\" content=\"kontakt mig Brug for en ekspert? Du er mere end velkommen til at l\u00e6gge dine kontaktoplysninger, og jeg vil vende tilbage Bes\u00f8g P. Knudsens Vej 3 8930\" \/>\n<meta name=\"robots\" content=\"index, follow, max-snippet:-1, max-image-preview:large, max-video-preview:-1\" \/>\n<link rel=\"canonical\" href=\"https:\/\/strandgaardconsult.dk\/en\/kontakt\/\" \/>\n<meta property=\"og:locale\" content=\"en_GB\" \/>\n<meta property=\"og:type\" content=\"article\" \/>\n<meta property=\"og:title\" content=\"Kontakt | StrandgaardConsult\" \/>\n<meta property=\"og:description\" content=\"kontakt mig Brug for en ekspert? Du er mere end velkommen til at l\u00e6gge dine kontaktoplysninger, og jeg vil vende tilbage Bes\u00f8g P. Knudsens Vej 3 8930\" \/>\n<meta property=\"og:url\" content=\"https:\/\/strandgaardconsult.dk\/en\/kontakt\/\" \/>\n<meta property=\"og:site_name\" content=\"StrandgaardConsult\" \/>\n<meta property=\"article:modified_time\" content=\"2021-06-04T12:23:42+00:00\" \/>\n<meta name=\"twitter:card\" content=\"summary_large_image\" \/>\n<script type=\"application\/ld+json\" class=\"yoast-schema-graph\">{\"@context\":\"https:\/\/schema.org\",\"@graph\":[{\"@type\":\"WebPage\",\"@id\":\"https:\/\/strandgaardconsult.dk\/en\/kontakt\/\",\"url\":\"https:\/\/strandgaardconsult.dk\/en\/kontakt\/\",\"name\":\"Kontakt | StrandgaardConsult\",\"isPartOf\":{\"@id\":\"https:\/\/strandgaardconsult.dk\/#website\"},\"datePublished\":\"2019-06-12T06:59:06+00:00\",\"dateModified\":\"2021-06-04T12:23:42+00:00\",\"description\":\"kontakt mig Brug for en ekspert? Du er mere end velkommen til at l\u00e6gge dine kontaktoplysninger, og jeg vil vende tilbage Bes\u00f8g P. Knudsens Vej 3 8930\",\"breadcrumb\":{\"@id\":\"https:\/\/strandgaardconsult.dk\/en\/kontakt\/#breadcrumb\"},\"inLanguage\":\"en-GB\",\"potentialAction\":[{\"@type\":\"ReadAction\",\"target\":[\"https:\/\/strandgaardconsult.dk\/en\/kontakt\/\"]}]},{\"@type\":\"BreadcrumbList\",\"@id\":\"https:\/\/strandgaardconsult.dk\/en\/kontakt\/#breadcrumb\",\"itemListElement\":[{\"@type\":\"ListItem\",\"position\":1,\"name\":\"Home\",\"item\":\"https:\/\/strandgaardconsult.dk\/\"},{\"@type\":\"ListItem\",\"position\":2,\"name\":\"Kontakt\"}]},{\"@type\":\"WebSite\",\"@id\":\"https:\/\/strandgaardconsult.dk\/#website\",\"url\":\"https:\/\/strandgaardconsult.dk\/\",\"name\":\"StrandgaardConsult\",\"description\":\"projektledelse orgnisationsudvikling assessment\",\"publisher\":{\"@id\":\"https:\/\/strandgaardconsult.dk\/#organization\"},\"potentialAction\":[{\"@type\":\"SearchAction\",\"target\":{\"@type\":\"EntryPoint\",\"urlTemplate\":\"https:\/\/strandgaardconsult.dk\/?s={search_term_string}\"},\"query-input\":\"required name=search_term_string\"}],\"inLanguage\":\"en-GB\"},{\"@type\":\"Organization\",\"@id\":\"https:\/\/strandgaardconsult.dk\/#organization\",\"name\":\"Strandgaard Consult\",\"url\":\"https:\/\/strandgaardconsult.dk\/\",\"logo\":{\"@type\":\"ImageObject\",\"inLanguage\":\"en-GB\",\"@id\":\"https:\/\/strandgaardconsult.dk\/#\/schema\/logo\/image\/\",\"url\":\"https:\/\/strandgaardconsult.dk\/wp-content\/uploads\/2021\/06\/cropped-Untitled-design-2.png\",\"contentUrl\":\"https:\/\/strandgaardconsult.dk\/wp-content\/uploads\/2021\/06\/cropped-Untitled-design-2.png\",\"width\":1130,\"height\":172,\"caption\":\"Strandgaard Consult\"},\"image\":{\"@id\":\"https:\/\/strandgaardconsult.dk\/#\/schema\/logo\/image\/\"},\"sameAs\":[\"https:\/\/www.linkedin.com\/in\/jan-strandgaard-22903ba\/\"]}]}<\/script>\n<!-- \/ Yoast SEO plugin. -->","yoast_head_json":{"title":"Kontakt | StrandgaardConsult","description":"kontakt mig Brug for en ekspert? Du er mere end velkommen til at l\u00e6gge dine kontaktoplysninger, og jeg vil vende tilbage Bes\u00f8g P. Knudsens Vej 3 8930","robots":{"index":"index","follow":"follow","max-snippet":"max-snippet:-1","max-image-preview":"max-image-preview:large","max-video-preview":"max-video-preview:-1"},"canonical":"https:\/\/strandgaardconsult.dk\/en\/kontakt\/","og_locale":"en_GB","og_type":"article","og_title":"Kontakt | StrandgaardConsult","og_description":"kontakt mig Brug for en ekspert? Du er mere end velkommen til at l\u00e6gge dine kontaktoplysninger, og jeg vil vende tilbage Bes\u00f8g P. Knudsens Vej 3 8930","og_url":"https:\/\/strandgaardconsult.dk\/en\/kontakt\/","og_site_name":"StrandgaardConsult","article_modified_time":"2021-06-04T12:23:42+00:00","twitter_card":"summary_large_image","schema":{"@context":"https:\/\/schema.org","@graph":[{"@type":"WebPage","@id":"https:\/\/strandgaardconsult.dk\/en\/kontakt\/","url":"https:\/\/strandgaardconsult.dk\/en\/kontakt\/","name":"Kontakt | StrandgaardConsult","isPartOf":{"@id":"https:\/\/strandgaardconsult.dk\/#website"},"datePublished":"2019-06-12T06:59:06+00:00","dateModified":"2021-06-04T12:23:42+00:00","description":"kontakt mig Brug for en ekspert? Du er mere end velkommen til at l\u00e6gge dine kontaktoplysninger, og jeg vil vende tilbage Bes\u00f8g P. Knudsens Vej 3 8930","breadcrumb":{"@id":"https:\/\/strandgaardconsult.dk\/en\/kontakt\/#breadcrumb"},"inLanguage":"en-GB","potentialAction":[{"@type":"ReadAction","target":["https:\/\/strandgaardconsult.dk\/en\/kontakt\/"]}]},{"@type":"BreadcrumbList","@id":"https:\/\/strandgaardconsult.dk\/en\/kontakt\/#breadcrumb","itemListElement":[{"@type":"ListItem","position":1,"name":"Home","item":"https:\/\/strandgaardconsult.dk\/"},{"@type":"ListItem","position":2,"name":"Kontakt"}]},{"@type":"WebSite","@id":"https:\/\/strandgaardconsult.dk\/#website","url":"https:\/\/strandgaardconsult.dk\/","name":"StrandgaardConsult","description":"projektledelse orgnisationsudvikling assessment","publisher":{"@id":"https:\/\/strandgaardconsult.dk\/#organization"},"potentialAction":[{"@type":"SearchAction","target":{"@type":"EntryPoint","urlTemplate":"https:\/\/strandgaardconsult.dk\/?s={search_term_string}"},"query-input":"required name=search_term_string"}],"inLanguage":"en-GB"},{"@type":"Organization","@id":"https:\/\/strandgaardconsult.dk\/#organization","name":"Strandgaard Consult","url":"https:\/\/strandgaardconsult.dk\/","logo":{"@type":"ImageObject","inLanguage":"en-GB","@id":"https:\/\/strandgaardconsult.dk\/#\/schema\/logo\/image\/","url":"https:\/\/strandgaardconsult.dk\/wp-content\/uploads\/2021\/06\/cropped-Untitled-design-2.png","contentUrl":"https:\/\/strandgaardconsult.dk\/wp-content\/uploads\/2021\/06\/cropped-Untitled-design-2.png","width":1130,"height":172,"caption":"Strandgaard Consult"},"image":{"@id":"https:\/\/strandgaardconsult.dk\/#\/schema\/logo\/image\/"},"sameAs":["https:\/\/www.linkedin.com\/in\/jan-strandgaard-22903ba\/"]}]}},"_links":{"self":[{"href":"https:\/\/strandgaardconsult.dk\/en\/wp-json\/wp\/v2\/pages\/97"}],"collection":[{"href":"https:\/\/strandgaardconsult.dk\/en\/wp-json\/wp\/v2\/pages"}],"about":[{"href":"https:\/\/strandgaardconsult.dk\/en\/wp-json\/wp\/v2\/types\/page"}],"author":[{"embeddable":true,"href":"https:\/\/strandgaardconsult.dk\/en\/wp-json\/wp\/v2\/users\/2"}],"replies":[{"embeddable":true,"href":"https:\/\/strandgaardconsult.dk\/en\/wp-json\/wp\/v2\/comments?post=97"}],"version-history":[{"count":37,"href":"https:\/\/strandgaardconsult.dk\/en\/wp-json\/wp\/v2\/pages\/97\/revisions"}],"predecessor-version":[{"id":737,"href":"https:\/\/strandgaardconsult.dk\/en\/wp-json\/wp\/v2\/pages\/97\/revisions\/737"}],"wp:attachment":[{"href":"https:\/\/strandgaardconsult.dk\/en\/wp-json\/wp\/v2\/media?parent=97"}],"curies":[{"name":"wp","href":"https:\/\/api.w.org\/{rel}","templated":true}]}}